{"id":217,"date":"2024-07-29T22:09:18","date_gmt":"2024-07-29T20:09:18","guid":{"rendered":"https:\/\/bab-kitravel.pl\/?page_id=217"},"modified":"2024-08-12T12:37:21","modified_gmt":"2024-08-12T10:37:21","slug":"dla-firm","status":"publish","type":"page","link":"https:\/\/bab-kitravel.pl\/?page_id=217","title":{"rendered":"Dla firm"},"content":{"rendered":"\n<div class=\"section-wrapper\" data-id=\"HgFuDy\"><section class=\"wp-block-gutenverse-section guten-element guten-section guten-HgFuDy layout-boxed align-stretch\"><div class=\"guten-background-overlay\"><\/div><div class=\"guten-shape-divider guten-shape-divider-top\"><\/div><div class=\"guten-shape-divider guten-shape-divider-bottom\"><\/div><div class=\"guten-container guten-column-gap-default\">\n<div class=\"wp-block-gutenverse-column guten-element guten-column guten-g1zOos\"><div class=\"guten-background-overlay\"><\/div><div class=\"sticky-wrapper\" data-id=\"g1zOos\"><div class=\"guten-column-wrapper\">\n<h5 class=\"wp-block-gutenverse-heading guten-element guten-tuCbBe animated guten-element-hide desktop-fadeInLeft\">Dla FIRM<\/h5>\n\n\n\n<h2 class=\"wp-block-gutenverse-heading guten-element guten-sfa3e7 animated guten-element-hide desktop-fadeInLeft\">Tym te\u017c si\u0119 zajmujemy!<\/h2>\n\n\n\n<div class=\"guten-element gutenverse-text-editor guten-e0uv61 animated guten-element-hide desktop-fadeInLeft\"><div class=\"text-content-inner\">\n<p><strong>Szukasz wyj\u0105tkowego wyjazdu dla pracownik\u00f3w lub klient\u00f3w Twojej firmy? \u015awietnie trafi\u0142e\u015b. Organizujemy wyjazdy dla firm skrojone na miar\u0119! S\u0142uchamy potrzeb naszych klient\u00f3w i przygotowujemy najlepsze wycieczki dostosowane do bud\u017cetu i oczekiwa\u0144. Niezale\u017cnie od celu podr\u00f3\u017cy, zapewniamy pe\u0142ne wsparcie logistyczne, atrakcyjne lokalizacje i autorskie programy, kt\u00f3re wzmacniaj\u0105 zesp\u00f3\u0142 i motywuj\u0105 pracownik\u00f3w. Powierz nam organizacje wyjazdu, kt\u00f3ry przekroczy Twoje oczekiwania!<\/strong><\/p>\n<\/div><\/div>\n\n\n\n<div class=\"guten-element guten-button-wrapper guten-5QIzHE\"><a class=\"guten-button animated guten-element-hide desktop-fadeInLeft guten-button-sm\" href=\"https:\/\/bab-kitravel.pl\/?page_id=39\"><span>KONTAKT<\/span><\/a><\/div>\n<\/div><\/div><\/div>\n\n\n\n<div class=\"wp-block-gutenverse-column guten-element guten-column guten-pgCJoL animated guten-element-hide desktop-fadeInRight\"><div class=\"guten-background-overlay\"><\/div><div class=\"sticky-wrapper\" data-id=\"pgCJoL\"><div class=\"guten-column-wrapper\">\n<figure class=\"wp-block-image size-full\"><img decoding=\"async\" width=\"980\" height=\"552\" src=\"http:\/\/bab-kitravel.pl\/wp-content\/uploads\/2024\/08\/ludzie-wyjazd-firmowy.jpg\" alt=\"\" class=\"wp-image-259\" srcset=\"https:\/\/bab-kitravel.pl\/wp-content\/uploads\/2024\/08\/ludzie-wyjazd-firmowy.jpg 980w, https:\/\/bab-kitravel.pl\/wp-content\/uploads\/2024\/08\/ludzie-wyjazd-firmowy-300x169.jpg 300w, https:\/\/bab-kitravel.pl\/wp-content\/uploads\/2024\/08\/ludzie-wyjazd-firmowy-768x433.jpg 768w, https:\/\/bab-kitravel.pl\/wp-content\/uploads\/2024\/08\/ludzie-wyjazd-firmowy-600x338.jpg 600w\" sizes=\"(max-width: 980px) 100vw, 980px\" \/><\/figure>\n\n\n\n<figure class=\"wp-block-image size-full\"><img decoding=\"async\" width=\"880\" height=\"500\" src=\"http:\/\/bab-kitravel.pl\/wp-content\/uploads\/2024\/08\/hotel-turcja-1-1.jpg\" alt=\"\" class=\"wp-image-258\" srcset=\"https:\/\/bab-kitravel.pl\/wp-content\/uploads\/2024\/08\/hotel-turcja-1-1.jpg 880w, https:\/\/bab-kitravel.pl\/wp-content\/uploads\/2024\/08\/hotel-turcja-1-1-300x170.jpg 300w, https:\/\/bab-kitravel.pl\/wp-content\/uploads\/2024\/08\/hotel-turcja-1-1-768x436.jpg 768w, https:\/\/bab-kitravel.pl\/wp-content\/uploads\/2024\/08\/hotel-turcja-1-1-600x341.jpg 600w\" sizes=\"(max-width: 880px) 100vw, 880px\" \/><\/figure>\n<\/div><\/div><\/div>\n<\/div><\/section><\/div>\n","protected":false},"excerpt":{"rendered":"","protected":false},"author":1,"featured_media":0,"parent":0,"menu_order":0,"comment_status":"closed","ping_status":"closed","template":"","meta":{"_regular_price":[],"currency_symbol":[],"footnotes":""},"class_list":["post-217","page","type-page","status-publish","hentry"],"post_slider_layout_featured_media_urls":{"thumbnail":"","post_slider_layout_landscape_large":"","post_slider_layout_portrait_large":"","post_slider_layout_square_large":"","post_slider_layout_landscape":"","post_slider_layout_portrait":"","post_slider_layout_square":"","full":""},"_links":{"self":[{"href":"https:\/\/bab-kitravel.pl\/index.php?rest_route=\/wp\/v2\/pages\/217","targetHints":{"allow":["GET"]}}],"collection":[{"href":"https:\/\/bab-kitravel.pl\/index.php?rest_route=\/wp\/v2\/pages"}],"about":[{"href":"https:\/\/bab-kitravel.pl\/index.php?rest_route=\/wp\/v2\/types\/page"}],"author":[{"embeddable":true,"href":"https:\/\/bab-kitravel.pl\/index.php?rest_route=\/wp\/v2\/users\/1"}],"replies":[{"embeddable":true,"href":"https:\/\/bab-kitravel.pl\/index.php?rest_route=%2Fwp%2Fv2%2Fcomments&post=217"}],"version-history":[{"count":6,"href":"https:\/\/bab-kitravel.pl\/index.php?rest_route=\/wp\/v2\/pages\/217\/revisions"}],"predecessor-version":[{"id":260,"href":"https:\/\/bab-kitravel.pl\/index.php?rest_route=\/wp\/v2\/pages\/217\/revisions\/260"}],"wp:attachment":[{"href":"https:\/\/bab-kitravel.pl\/index.php?rest_route=%2Fwp%2Fv2%2Fmedia&parent=217"}],"curies":[{"name":"wp","href":"https:\/\/api.w.org\/{rel}","templated":true}]}}